{"id":1866,"date":"2023-09-20T12:44:48","date_gmt":"2023-09-20T16:44:48","guid":{"rendered":"https:\/\/distributors.powertools.ingersollrand.com\/?page_id=1866"},"modified":"2023-09-20T12:44:48","modified_gmt":"2023-09-20T16:44:48","slug":"cacapava","status":"publish","type":"page","link":"https:\/\/distributors.powertools.ingersollrand.com\/pt-br\/brasil\/sao-paulo\/cacapava\/","title":{"rendered":"CA\u00c7APAVA"},"content":{"rendered":"<h3>Distribuidor autorizado de ferramentas Ingersoll Rand\u00ae perto de voc\u00ea!<\/h3>\n<p>A Ingersoll Rand pode suprir todas as suas necessidades de ferramentas, incluindo ferramentas pneum\u00e1ticas, ferramentas el\u00e9tricas, ferramentas sem fio, partidas pneum\u00e1ticas, ferramentas pesadas e muito mais. Esteja voc\u00ea procurando por vendas e cota\u00e7\u00f5es de novos produtos, solicita\u00e7\u00f5es de demonstra\u00e7\u00e3o, pe\u00e7as de ferramentas, kits de ferramentas, acess\u00f3rios ou manuten\u00e7\u00e3o e reparos, voc\u00ea encontrar\u00e1 aqui. Atendendo ao seu territ\u00f3rio e \u00e1reas adjacentes, a INGERSOLL RAND ferramentas el\u00e9tricas mais perto de voc\u00ea, com produtos e servi\u00e7os para apoiar o seu neg\u00f3cio localmente.<br \/>\nEntre em contato conosco hoje, voc\u00ea pode usar o bot\u00e3o Contate-nos acima e nos deixar uma mensagem, para que um de nossos especialistas entre em contato com voc\u00ea em breve, ou se voc\u00ea precisar de suporte urgente, basta ligar para o n\u00famero de telefone acima. Descubra como a Ingersoll Rand pode atender \u00e0s suas necessidades de neg\u00f3cios.<\/p>\n<h3>Alguns de nossos produtos e solu\u00e7\u00f5es de ferramentas incluem:<\/h3>\n<ul>\n<li><strong>Ferramentas de aparafusamento: <\/strong>incluindo chaves de impacto, catracas e ferramentas sem fio.<\/li>\n<li><strong>Solu\u00e7\u00f5es de montagem:<\/strong> incluindo sistemas de fixa\u00e7\u00e3o el\u00e9trica DC, fixa\u00e7\u00e3o de precis\u00e3o sem fio, furadeiras, ferramentas de pulso, chaves de fenda, aparafusadoras, rebitadeiras, multiplicadores de torque e equipamentos de calibra\u00e7\u00e3o.<\/li>\n<li><strong>Ferramentas de prepara\u00e7\u00e3o de superf\u00edcies:<\/strong> incluindo lixadeiras, polidores e tamp\u00f5es, esmerilhadeiras, ferramentas de corte, escaladores de agulha e cinzel e martelos.<\/li>\n<li><strong>Ferramentas para constru\u00e7\u00e3o:<\/strong> incluindo martelos picadores, escavadeiras e furadeiras.<\/li>\n<li><strong>Produtos de Energia Aplicada:<\/strong> Incluindo Motores de Barramento, Motores Pneum\u00e1ticos e Partidas Pneum\u00e1ticas.<\/li>\n<li>E tamb\u00e9m oferecemos uma ampla gama de <strong>pe\u00e7as e servi\u00e7os<\/strong> de ferramentas.<\/li>\n<\/ul>\n<p>Sinta-se \u00e0 vontade para navegar em alguns de nossos principais produtos abaixo, algumas de nossas ferramentas que voc\u00ea pode comprar on-line em nossas p\u00e1ginas de produtos e, para qualquer outra coisa relacionada a ferramentas, entre em contato conosco diretamente usando as informa\u00e7\u00f5es de contato fornecidas acima.<\/p>\n","protected":false},"excerpt":{"rendered":"<p>Distribuidor autorizado de ferramentas Ingersoll Rand\u00ae perto de voc\u00ea! A Ingersoll Rand pode suprir todas as suas necessidades de ferramentas, [&hellip;]<\/p>\n","protected":false},"author":2,"featured_media":0,"parent":1429,"menu_order":0,"comment_status":"closed","ping_status":"closed","template":"","meta":{"inline_featured_image":false,"footnotes":""},"yoast_head":"<!-- This site is optimized with the Yoast SEO plugin v24.5 - https:\/\/yoast.com\/wordpress\/plugins\/seo\/ -->\n<title>CA\u00c7APAVA - Ingersoll Rand<\/title>\n<meta name=\"description\" content=\"Chaves de impacto, sistemas de fixa\u00e7\u00e3o, ferramentas de pulso, aparafusadoras e ferramentas sem fio? INGERSOLL RAND\" \/>\n<meta name=\"robots\" content=\"index, follow, max-snippet:-1, max-image-preview:large, max-video-preview:-1\" \/>\n<link rel=\"canonical\" href=\"https:\/\/distributors.powertools.ingersollrand.com\/pt-br\/brasil\/sao-paulo\/cacapava\/\" \/>\n<meta property=\"og:locale\" content=\"pt_BR\" \/>\n<meta property=\"og:type\" content=\"article\" \/>\n<meta property=\"og:title\" content=\"CA\u00c7APAVA - Ingersoll Rand\" \/>\n<meta property=\"og:description\" content=\"Chaves de impacto, sistemas de fixa\u00e7\u00e3o, ferramentas de pulso, aparafusadoras e ferramentas sem fio? INGERSOLL RAND\" \/>\n<meta property=\"og:url\" content=\"https:\/\/distributors.powertools.ingersollrand.com\/pt-br\/brasil\/sao-paulo\/cacapava\/\" \/>\n<meta property=\"og:site_name\" content=\"Ingersoll Rand\" \/>\n<meta name=\"twitter:card\" content=\"summary_large_image\" \/>\n<meta name=\"twitter:label1\" content=\"Est. tempo de leitura\" \/>\n\t<meta name=\"twitter:data1\" content=\"2 minutos\" \/>\n<script type=\"application\/ld+json\" class=\"yoast-schema-graph\">{\"@context\":\"https:\/\/schema.org\",\"@graph\":[{\"@type\":\"WebPage\",\"@id\":\"https:\/\/distributors.powertools.ingersollrand.com\/pt-br\/brasil\/sao-paulo\/cacapava\/\",\"url\":\"https:\/\/distributors.powertools.ingersollrand.com\/pt-br\/brasil\/sao-paulo\/cacapava\/\",\"name\":\"CA\u00c7APAVA - Ingersoll Rand\",\"isPartOf\":{\"@id\":\"https:\/\/distributors.powertools.ingersollrand.com\/#website\"},\"datePublished\":\"2023-09-20T16:44:48+00:00\",\"description\":\"Chaves de impacto, sistemas de fixa\u00e7\u00e3o, ferramentas de pulso, aparafusadoras e ferramentas sem fio? INGERSOLL RAND\",\"breadcrumb\":{\"@id\":\"https:\/\/distributors.powertools.ingersollrand.com\/pt-br\/brasil\/sao-paulo\/cacapava\/#breadcrumb\"},\"inLanguage\":\"pt-BR\",\"potentialAction\":[{\"@type\":\"ReadAction\",\"target\":[\"https:\/\/distributors.powertools.ingersollrand.com\/pt-br\/brasil\/sao-paulo\/cacapava\/\"]}]},{\"@type\":\"BreadcrumbList\",\"@id\":\"https:\/\/distributors.powertools.ingersollrand.com\/pt-br\/brasil\/sao-paulo\/cacapava\/#breadcrumb\",\"itemListElement\":[{\"@type\":\"ListItem\",\"position\":1,\"name\":\"In\u00edcio\",\"item\":\"https:\/\/distributors.powertools.ingersollrand.com\/pt-br\/\"},{\"@type\":\"ListItem\",\"position\":2,\"name\":\"BRASIL\",\"item\":\"https:\/\/distributors.powertools.ingersollrand.com\/pt-br\/brasil\/\"},{\"@type\":\"ListItem\",\"position\":3,\"name\":\"S\u00c3O PAULO\",\"item\":\"https:\/\/distributors.powertools.ingersollrand.com\/pt-br\/brasil\/sao-paulo\/\"},{\"@type\":\"ListItem\",\"position\":4,\"name\":\"CA\u00c7APAVA\"}]},{\"@type\":\"WebSite\",\"@id\":\"https:\/\/distributors.powertools.ingersollrand.com\/#website\",\"url\":\"https:\/\/distributors.powertools.ingersollrand.com\/\",\"name\":\"Ingersoll Rand\",\"description\":\"Power Tools Distributor Near You\",\"publisher\":{\"@id\":\"https:\/\/distributors.powertools.ingersollrand.com\/#organization\"},\"potentialAction\":[{\"@type\":\"SearchAction\",\"target\":{\"@type\":\"EntryPoint\",\"urlTemplate\":\"https:\/\/distributors.powertools.ingersollrand.com\/?s={search_term_string}\"},\"query-input\":{\"@type\":\"PropertyValueSpecification\",\"valueRequired\":true,\"valueName\":\"search_term_string\"}}],\"inLanguage\":\"pt-BR\"},{\"@type\":\"Organization\",\"@id\":\"https:\/\/distributors.powertools.ingersollrand.com\/#organization\",\"name\":\"Ingersoll Rand\",\"url\":\"https:\/\/distributors.powertools.ingersollrand.com\/\",\"logo\":{\"@type\":\"ImageObject\",\"inLanguage\":\"pt-BR\",\"@id\":\"https:\/\/distributors.powertools.ingersollrand.com\/#\/schema\/logo\/image\/\",\"url\":\"https:\/\/distributors.powertools.ingersollrand.com\/wp-content\/uploads\/2022\/03\/irlogo.png\",\"contentUrl\":\"https:\/\/distributors.powertools.ingersollrand.com\/wp-content\/uploads\/2022\/03\/irlogo.png\",\"width\":369,\"height\":80,\"caption\":\"Ingersoll Rand\"},\"image\":{\"@id\":\"https:\/\/distributors.powertools.ingersollrand.com\/#\/schema\/logo\/image\/\"}}]}<\/script>\n<!-- \/ Yoast SEO plugin. -->","yoast_head_json":{"title":"CA\u00c7APAVA - Ingersoll Rand","description":"Chaves de impacto, sistemas de fixa\u00e7\u00e3o, ferramentas de pulso, aparafusadoras e ferramentas sem fio? INGERSOLL RAND","robots":{"index":"index","follow":"follow","max-snippet":"max-snippet:-1","max-image-preview":"max-image-preview:large","max-video-preview":"max-video-preview:-1"},"canonical":"https:\/\/distributors.powertools.ingersollrand.com\/pt-br\/brasil\/sao-paulo\/cacapava\/","og_locale":"pt_BR","og_type":"article","og_title":"CA\u00c7APAVA - Ingersoll Rand","og_description":"Chaves de impacto, sistemas de fixa\u00e7\u00e3o, ferramentas de pulso, aparafusadoras e ferramentas sem fio? INGERSOLL RAND","og_url":"https:\/\/distributors.powertools.ingersollrand.com\/pt-br\/brasil\/sao-paulo\/cacapava\/","og_site_name":"Ingersoll Rand","twitter_card":"summary_large_image","twitter_misc":{"Est. tempo de leitura":"2 minutos"},"schema":{"@context":"https:\/\/schema.org","@graph":[{"@type":"WebPage","@id":"https:\/\/distributors.powertools.ingersollrand.com\/pt-br\/brasil\/sao-paulo\/cacapava\/","url":"https:\/\/distributors.powertools.ingersollrand.com\/pt-br\/brasil\/sao-paulo\/cacapava\/","name":"CA\u00c7APAVA - Ingersoll Rand","isPartOf":{"@id":"https:\/\/distributors.powertools.ingersollrand.com\/#website"},"datePublished":"2023-09-20T16:44:48+00:00","description":"Chaves de impacto, sistemas de fixa\u00e7\u00e3o, ferramentas de pulso, aparafusadoras e ferramentas sem fio? INGERSOLL RAND","breadcrumb":{"@id":"https:\/\/distributors.powertools.ingersollrand.com\/pt-br\/brasil\/sao-paulo\/cacapava\/#breadcrumb"},"inLanguage":"pt-BR","potentialAction":[{"@type":"ReadAction","target":["https:\/\/distributors.powertools.ingersollrand.com\/pt-br\/brasil\/sao-paulo\/cacapava\/"]}]},{"@type":"BreadcrumbList","@id":"https:\/\/distributors.powertools.ingersollrand.com\/pt-br\/brasil\/sao-paulo\/cacapava\/#breadcrumb","itemListElement":[{"@type":"ListItem","position":1,"name":"In\u00edcio","item":"https:\/\/distributors.powertools.ingersollrand.com\/pt-br\/"},{"@type":"ListItem","position":2,"name":"BRASIL","item":"https:\/\/distributors.powertools.ingersollrand.com\/pt-br\/brasil\/"},{"@type":"ListItem","position":3,"name":"S\u00c3O PAULO","item":"https:\/\/distributors.powertools.ingersollrand.com\/pt-br\/brasil\/sao-paulo\/"},{"@type":"ListItem","position":4,"name":"CA\u00c7APAVA"}]},{"@type":"WebSite","@id":"https:\/\/distributors.powertools.ingersollrand.com\/#website","url":"https:\/\/distributors.powertools.ingersollrand.com\/","name":"Ingersoll Rand","description":"Power Tools Distributor Near You","publisher":{"@id":"https:\/\/distributors.powertools.ingersollrand.com\/#organization"},"potentialAction":[{"@type":"SearchAction","target":{"@type":"EntryPoint","urlTemplate":"https:\/\/distributors.powertools.ingersollrand.com\/?s={search_term_string}"},"query-input":{"@type":"PropertyValueSpecification","valueRequired":true,"valueName":"search_term_string"}}],"inLanguage":"pt-BR"},{"@type":"Organization","@id":"https:\/\/distributors.powertools.ingersollrand.com\/#organization","name":"Ingersoll Rand","url":"https:\/\/distributors.powertools.ingersollrand.com\/","logo":{"@type":"ImageObject","inLanguage":"pt-BR","@id":"https:\/\/distributors.powertools.ingersollrand.com\/#\/schema\/logo\/image\/","url":"https:\/\/distributors.powertools.ingersollrand.com\/wp-content\/uploads\/2022\/03\/irlogo.png","contentUrl":"https:\/\/distributors.powertools.ingersollrand.com\/wp-content\/uploads\/2022\/03\/irlogo.png","width":369,"height":80,"caption":"Ingersoll Rand"},"image":{"@id":"https:\/\/distributors.powertools.ingersollrand.com\/#\/schema\/logo\/image\/"}}]}},"acf":[],"_links":{"self":[{"href":"https:\/\/distributors.powertools.ingersollrand.com\/pt-br\/wp-json\/wp\/v2\/pages\/1866"}],"collection":[{"href":"https:\/\/distributors.powertools.ingersollrand.com\/pt-br\/wp-json\/wp\/v2\/pages"}],"about":[{"href":"https:\/\/distributors.powertools.ingersollrand.com\/pt-br\/wp-json\/wp\/v2\/types\/page"}],"author":[{"embeddable":true,"href":"https:\/\/distributors.powertools.ingersollrand.com\/pt-br\/wp-json\/wp\/v2\/users\/2"}],"replies":[{"embeddable":true,"href":"https:\/\/distributors.powertools.ingersollrand.com\/pt-br\/wp-json\/wp\/v2\/comments?post=1866"}],"version-history":[{"count":1,"href":"https:\/\/distributors.powertools.ingersollrand.com\/pt-br\/wp-json\/wp\/v2\/pages\/1866\/revisions"}],"predecessor-version":[{"id":1867,"href":"https:\/\/distributors.powertools.ingersollrand.com\/pt-br\/wp-json\/wp\/v2\/pages\/1866\/revisions\/1867"}],"up":[{"embeddable":true,"href":"https:\/\/distributors.powertools.ingersollrand.com\/pt-br\/wp-json\/wp\/v2\/pages\/1429"}],"wp:attachment":[{"href":"https:\/\/distributors.powertools.ingersollrand.com\/pt-br\/wp-json\/wp\/v2\/media?parent=1866"}],"curies":[{"name":"wp","href":"https:\/\/api.w.org\/{rel}","templated":true}]}}