{"id":1597,"date":"2022-08-31T18:52:55","date_gmt":"2022-08-31T22:52:55","guid":{"rendered":"https:\/\/distributors.powertools.ingersollrand.com\/?page_id=1597"},"modified":"2022-09-13T10:14:20","modified_gmt":"2022-09-13T14:14:20","slug":"asuncion-eberhard-lewkowitz","status":"publish","type":"page","link":"https:\/\/distributors.powertools.ingersollrand.com\/es\/paraguay\/asuncion-eberhard-lewkowitz\/","title":{"rendered":"ASUNCION &#8211; EBERHARD LEWKOWITZ S R L"},"content":{"rendered":"<h3>\u00a1Distribuidor Autorizado de Herramientas de Ingersoll Rand\u00ae cerca de ti!<\/h3>\n<p>Los distribuidores autorizados de Ingersoll Rand son el contacto para todas sus necesidades de herramientas, incluidas herramientas neum\u00e1ticas, herramientas el\u00e9ctricas, herramientas inal\u00e1mbricas, arrancadores neum\u00e1ticos, herramientas de servicio pesado y m\u00e1s. Ya sea que est\u00e9 buscando ventas y cotizaciones de nuevos productos, solicitudes de demostraci\u00f3n, piezas de herramientas, juegos de herramientas, accesorios o mantenimiento y reparaci\u00f3n, aqu\u00ed lo encontrar\u00e1. Al servicio del territorio de ASUNCION y sus alrededores, EBERHARD LEWKOWITZ es el distribuidor de Ingersoll Rand Power Tools cerca de usted. Ingersoll Rand tiene productos y servicios para respaldar su negocio localmente. P\u00f3ngase en contacto con nosotros, puede usar el bot\u00f3n Cont\u00e1ctenos arriba y dejarnos un mensaje, para que uno de nuestros expertos se comunique con usted en breve, o si necesita asistencia urgente, simplemente ll\u00e1menos al n\u00famero de tel\u00e9fono anterior. Descubra c\u00f3mo Ingersoll Rand puede satisfacer sus necesidades comerciales.<\/p>\n<h3>Algunos de nuestros productos y soluciones de herramientas el\u00e9ctricas incluyen:<\/h3>\n<ul>\n<li><strong>Herramientas de impacto:<\/strong> incluidas llaves de impacto, matracas y herramientas inal\u00e1mbricas.<\/li>\n<li><strong>Soluciones de ensamble:<\/strong> Incluyendo sistemas de sujeci\u00f3n el\u00e9ctrica de DC, sujeci\u00f3n de precisi\u00f3n inal\u00e1mbrica, taladros, herramientas de pulso, destornilladores, aprietatuercas, remachadoras, multiplicadores de torque y equipos de calibraci\u00f3n.<\/li>\n<li><strong>Herramientas de preparaci\u00f3n de superficies:<\/strong> incluidas lijadoras, pulidoras, amoladoras, herramientas de corte, escareadores de agujas, cinceles y martillos.<\/li>\n<li><strong>Herramientas de construcci\u00f3n:<\/strong> incluidos martillos rompedoras, excavadoras y taladros.<\/li>\n<li><strong>Productos de energ\u00eda aplicada:<\/strong> Incluyendo motores de bloqueo, motores neum\u00e1ticos y arrancadores neum\u00e1ticos.<\/li>\n<li>Y tambi\u00e9n ofrecemos una amplia gama de <strong>refacciones de herramientas y servicios<\/strong>.<\/li>\n<\/ul>\n<p>Por favor, si\u00e9ntase libre de explorar algunos de nuestros <strong>productos principales<\/strong> a continuaci\u00f3n, algunas de nuestras herramientas que puede ordenar en l\u00ednea desde nuestras p\u00e1ginas de productos, y para cualquier otra cosa relacionada con las herramientas el\u00e9ctricas, <strong>cont\u00e1ctenos directamente<\/strong> usando la informaci\u00f3n de contacto proporcionada arriba.<\/p>\n","protected":false},"excerpt":{"rendered":"<p>\u00a1Distribuidor Autorizado de Herramientas de Ingersoll Rand\u00ae cerca de ti! Los distribuidores autorizados de Ingersoll Rand son el contacto para [&hellip;]<\/p>\n","protected":false},"author":2,"featured_media":0,"parent":1374,"menu_order":0,"comment_status":"closed","ping_status":"closed","template":"","meta":{"inline_featured_image":false,"footnotes":""},"yoast_head":"<!-- This site is optimized with the Yoast SEO plugin v24.5 - https:\/\/yoast.com\/wordpress\/plugins\/seo\/ -->\n<title>ASUNCION - EBERHARD LEWKOWITZ S R L - Ingersoll Rand<\/title>\n<meta name=\"description\" content=\"Llaves de impacto, sistemas de fijaci\u00f3n, herramientas de pulso, destornilladores, aprietatuercas, herramientas inal\u00e1mbricas en ASUNCION?\" \/>\n<meta name=\"robots\" content=\"index, follow, max-snippet:-1, max-image-preview:large, max-video-preview:-1\" \/>\n<link rel=\"canonical\" href=\"https:\/\/distributors.powertools.ingersollrand.com\/es\/paraguay\/asuncion-eberhard-lewkowitz\/\" \/>\n<meta property=\"og:locale\" content=\"es_ES\" \/>\n<meta property=\"og:type\" content=\"article\" \/>\n<meta property=\"og:title\" content=\"ASUNCION - EBERHARD LEWKOWITZ S R L - Ingersoll Rand\" \/>\n<meta property=\"og:description\" content=\"Llaves de impacto, sistemas de fijaci\u00f3n, herramientas de pulso, destornilladores, aprietatuercas, herramientas inal\u00e1mbricas en ASUNCION?\" \/>\n<meta property=\"og:url\" content=\"https:\/\/distributors.powertools.ingersollrand.com\/es\/paraguay\/asuncion-eberhard-lewkowitz\/\" \/>\n<meta property=\"og:site_name\" content=\"Ingersoll Rand\" \/>\n<meta property=\"article:modified_time\" content=\"2022-09-13T14:14:20+00:00\" \/>\n<meta name=\"twitter:card\" content=\"summary_large_image\" \/>\n<meta name=\"twitter:label1\" content=\"Tiempo de lectura\" \/>\n\t<meta name=\"twitter:data1\" content=\"2 minutos\" \/>\n<script type=\"application\/ld+json\" class=\"yoast-schema-graph\">{\"@context\":\"https:\/\/schema.org\",\"@graph\":[{\"@type\":\"WebPage\",\"@id\":\"https:\/\/distributors.powertools.ingersollrand.com\/es\/paraguay\/asuncion-eberhard-lewkowitz\/\",\"url\":\"https:\/\/distributors.powertools.ingersollrand.com\/es\/paraguay\/asuncion-eberhard-lewkowitz\/\",\"name\":\"ASUNCION - EBERHARD LEWKOWITZ S R L - Ingersoll Rand\",\"isPartOf\":{\"@id\":\"https:\/\/distributors.powertools.ingersollrand.com\/#website\"},\"datePublished\":\"2022-08-31T22:52:55+00:00\",\"dateModified\":\"2022-09-13T14:14:20+00:00\",\"description\":\"Llaves de impacto, sistemas de fijaci\u00f3n, herramientas de pulso, destornilladores, aprietatuercas, herramientas inal\u00e1mbricas en ASUNCION?\",\"breadcrumb\":{\"@id\":\"https:\/\/distributors.powertools.ingersollrand.com\/es\/paraguay\/asuncion-eberhard-lewkowitz\/#breadcrumb\"},\"inLanguage\":\"es\",\"potentialAction\":[{\"@type\":\"ReadAction\",\"target\":[\"https:\/\/distributors.powertools.ingersollrand.com\/es\/paraguay\/asuncion-eberhard-lewkowitz\/\"]}]},{\"@type\":\"BreadcrumbList\",\"@id\":\"https:\/\/distributors.powertools.ingersollrand.com\/es\/paraguay\/asuncion-eberhard-lewkowitz\/#breadcrumb\",\"itemListElement\":[{\"@type\":\"ListItem\",\"position\":1,\"name\":\"In\u00edcio\",\"item\":\"https:\/\/distributors.powertools.ingersollrand.com\/es\/\"},{\"@type\":\"ListItem\",\"position\":2,\"name\":\"PARAGUAY\",\"item\":\"https:\/\/distributors.powertools.ingersollrand.com\/es\/paraguay\/\"},{\"@type\":\"ListItem\",\"position\":3,\"name\":\"ASUNCION &#8211; EBERHARD LEWKOWITZ S R L\"}]},{\"@type\":\"WebSite\",\"@id\":\"https:\/\/distributors.powertools.ingersollrand.com\/#website\",\"url\":\"https:\/\/distributors.powertools.ingersollrand.com\/\",\"name\":\"Ingersoll Rand\",\"description\":\"Power Tools Distributor Near You\",\"publisher\":{\"@id\":\"https:\/\/distributors.powertools.ingersollrand.com\/#organization\"},\"potentialAction\":[{\"@type\":\"SearchAction\",\"target\":{\"@type\":\"EntryPoint\",\"urlTemplate\":\"https:\/\/distributors.powertools.ingersollrand.com\/?s={search_term_string}\"},\"query-input\":{\"@type\":\"PropertyValueSpecification\",\"valueRequired\":true,\"valueName\":\"search_term_string\"}}],\"inLanguage\":\"es\"},{\"@type\":\"Organization\",\"@id\":\"https:\/\/distributors.powertools.ingersollrand.com\/#organization\",\"name\":\"Ingersoll Rand\",\"url\":\"https:\/\/distributors.powertools.ingersollrand.com\/\",\"logo\":{\"@type\":\"ImageObject\",\"inLanguage\":\"es\",\"@id\":\"https:\/\/distributors.powertools.ingersollrand.com\/#\/schema\/logo\/image\/\",\"url\":\"https:\/\/distributors.powertools.ingersollrand.com\/wp-content\/uploads\/2022\/03\/irlogo.png\",\"contentUrl\":\"https:\/\/distributors.powertools.ingersollrand.com\/wp-content\/uploads\/2022\/03\/irlogo.png\",\"width\":369,\"height\":80,\"caption\":\"Ingersoll Rand\"},\"image\":{\"@id\":\"https:\/\/distributors.powertools.ingersollrand.com\/#\/schema\/logo\/image\/\"}}]}<\/script>\n<!-- \/ Yoast SEO plugin. -->","yoast_head_json":{"title":"ASUNCION - EBERHARD LEWKOWITZ S R L - Ingersoll Rand","description":"Llaves de impacto, sistemas de fijaci\u00f3n, herramientas de pulso, destornilladores, aprietatuercas, herramientas inal\u00e1mbricas en ASUNCION?","robots":{"index":"index","follow":"follow","max-snippet":"max-snippet:-1","max-image-preview":"max-image-preview:large","max-video-preview":"max-video-preview:-1"},"canonical":"https:\/\/distributors.powertools.ingersollrand.com\/es\/paraguay\/asuncion-eberhard-lewkowitz\/","og_locale":"es_ES","og_type":"article","og_title":"ASUNCION - EBERHARD LEWKOWITZ S R L - Ingersoll Rand","og_description":"Llaves de impacto, sistemas de fijaci\u00f3n, herramientas de pulso, destornilladores, aprietatuercas, herramientas inal\u00e1mbricas en ASUNCION?","og_url":"https:\/\/distributors.powertools.ingersollrand.com\/es\/paraguay\/asuncion-eberhard-lewkowitz\/","og_site_name":"Ingersoll Rand","article_modified_time":"2022-09-13T14:14:20+00:00","twitter_card":"summary_large_image","twitter_misc":{"Tiempo de lectura":"2 minutos"},"schema":{"@context":"https:\/\/schema.org","@graph":[{"@type":"WebPage","@id":"https:\/\/distributors.powertools.ingersollrand.com\/es\/paraguay\/asuncion-eberhard-lewkowitz\/","url":"https:\/\/distributors.powertools.ingersollrand.com\/es\/paraguay\/asuncion-eberhard-lewkowitz\/","name":"ASUNCION - EBERHARD LEWKOWITZ S R L - Ingersoll Rand","isPartOf":{"@id":"https:\/\/distributors.powertools.ingersollrand.com\/#website"},"datePublished":"2022-08-31T22:52:55+00:00","dateModified":"2022-09-13T14:14:20+00:00","description":"Llaves de impacto, sistemas de fijaci\u00f3n, herramientas de pulso, destornilladores, aprietatuercas, herramientas inal\u00e1mbricas en ASUNCION?","breadcrumb":{"@id":"https:\/\/distributors.powertools.ingersollrand.com\/es\/paraguay\/asuncion-eberhard-lewkowitz\/#breadcrumb"},"inLanguage":"es","potentialAction":[{"@type":"ReadAction","target":["https:\/\/distributors.powertools.ingersollrand.com\/es\/paraguay\/asuncion-eberhard-lewkowitz\/"]}]},{"@type":"BreadcrumbList","@id":"https:\/\/distributors.powertools.ingersollrand.com\/es\/paraguay\/asuncion-eberhard-lewkowitz\/#breadcrumb","itemListElement":[{"@type":"ListItem","position":1,"name":"In\u00edcio","item":"https:\/\/distributors.powertools.ingersollrand.com\/es\/"},{"@type":"ListItem","position":2,"name":"PARAGUAY","item":"https:\/\/distributors.powertools.ingersollrand.com\/es\/paraguay\/"},{"@type":"ListItem","position":3,"name":"ASUNCION &#8211; EBERHARD LEWKOWITZ S R L"}]},{"@type":"WebSite","@id":"https:\/\/distributors.powertools.ingersollrand.com\/#website","url":"https:\/\/distributors.powertools.ingersollrand.com\/","name":"Ingersoll Rand","description":"Power Tools Distributor Near You","publisher":{"@id":"https:\/\/distributors.powertools.ingersollrand.com\/#organization"},"potentialAction":[{"@type":"SearchAction","target":{"@type":"EntryPoint","urlTemplate":"https:\/\/distributors.powertools.ingersollrand.com\/?s={search_term_string}"},"query-input":{"@type":"PropertyValueSpecification","valueRequired":true,"valueName":"search_term_string"}}],"inLanguage":"es"},{"@type":"Organization","@id":"https:\/\/distributors.powertools.ingersollrand.com\/#organization","name":"Ingersoll Rand","url":"https:\/\/distributors.powertools.ingersollrand.com\/","logo":{"@type":"ImageObject","inLanguage":"es","@id":"https:\/\/distributors.powertools.ingersollrand.com\/#\/schema\/logo\/image\/","url":"https:\/\/distributors.powertools.ingersollrand.com\/wp-content\/uploads\/2022\/03\/irlogo.png","contentUrl":"https:\/\/distributors.powertools.ingersollrand.com\/wp-content\/uploads\/2022\/03\/irlogo.png","width":369,"height":80,"caption":"Ingersoll Rand"},"image":{"@id":"https:\/\/distributors.powertools.ingersollrand.com\/#\/schema\/logo\/image\/"}}]}},"acf":[],"_links":{"self":[{"href":"https:\/\/distributors.powertools.ingersollrand.com\/es\/wp-json\/wp\/v2\/pages\/1597"}],"collection":[{"href":"https:\/\/distributors.powertools.ingersollrand.com\/es\/wp-json\/wp\/v2\/pages"}],"about":[{"href":"https:\/\/distributors.powertools.ingersollrand.com\/es\/wp-json\/wp\/v2\/types\/page"}],"author":[{"embeddable":true,"href":"https:\/\/distributors.powertools.ingersollrand.com\/es\/wp-json\/wp\/v2\/users\/2"}],"replies":[{"embeddable":true,"href":"https:\/\/distributors.powertools.ingersollrand.com\/es\/wp-json\/wp\/v2\/comments?post=1597"}],"version-history":[{"count":2,"href":"https:\/\/distributors.powertools.ingersollrand.com\/es\/wp-json\/wp\/v2\/pages\/1597\/revisions"}],"predecessor-version":[{"id":1736,"href":"https:\/\/distributors.powertools.ingersollrand.com\/es\/wp-json\/wp\/v2\/pages\/1597\/revisions\/1736"}],"up":[{"embeddable":true,"href":"https:\/\/distributors.powertools.ingersollrand.com\/es\/wp-json\/wp\/v2\/pages\/1374"}],"wp:attachment":[{"href":"https:\/\/distributors.powertools.ingersollrand.com\/es\/wp-json\/wp\/v2\/media?parent=1597"}],"curies":[{"name":"wp","href":"https:\/\/api.w.org\/{rel}","templated":true}]}}